{"id":4137,"date":"2025-05-04T15:35:42","date_gmt":"2025-05-04T12:05:42","guid":{"rendered":"https:\/\/fset.ae\/underwater-treadmill-x\/"},"modified":"2025-07-02T14:16:25","modified_gmt":"2025-07-02T10:46:25","slug":"sualti-kosu-bandi-x","status":"publish","type":"page","link":"https:\/\/fset.ae\/tr\/sualti-kosu-bandi-x\/","title":{"rendered":"Sualt\u0131 ko\u015fu band\u0131 x"},"content":{"rendered":"\t\t<div data-elementor-type=\"wp-page\" data-elementor-id=\"4137\" class=\"elementor elementor-4137\" data-elementor-settings=\"{&quot;element_pack_global_tooltip_width&quot;:{&quot;unit&quot;:&quot;px&quot;,&quot;size&quot;:&quot;&quot;,&quot;sizes&quot;:[]},&quot;element_pack_global_tooltip_width_tablet&quot;:{&quot;unit&quot;:&quot;px&quot;,&quot;size&quot;:&quot;&quot;,&quot;sizes&quot;:[]},&quot;element_pack_global_tooltip_width_mobile&quot;:{&quot;unit&quot;:&quot;px&quot;,&quot;size&quot;:&quot;&quot;,&quot;sizes&quot;:[]},&quot;element_pack_global_tooltip_padding&quot;:{&quot;unit&quot;:&quot;px&quot;,&quot;top&quot;:&quot;&quot;,&quot;right&quot;:&quot;&quot;,&quot;bottom&quot;:&quot;&quot;,&quot;left&quot;:&quot;&quot;,&quot;isLinked&quot;:true},&quot;element_pack_global_tooltip_padding_tablet&quot;:{&quot;unit&quot;:&quot;px&quot;,&quot;top&quot;:&quot;&quot;,&quot;right&quot;:&quot;&quot;,&quot;bottom&quot;:&quot;&quot;,&quot;left&quot;:&quot;&quot;,&quot;isLinked&quot;:true},&quot;element_pack_global_tooltip_padding_mobile&quot;:{&quot;unit&quot;:&quot;px&quot;,&quot;top&quot;:&quot;&quot;,&quot;right&quot;:&quot;&quot;,&quot;bottom&quot;:&quot;&quot;,&quot;left&quot;:&quot;&quot;,&quot;isLinked&quot;:true},&quot;element_pack_global_tooltip_border_radius&quot;:{&quot;unit&quot;:&quot;px&quot;,&quot;top&quot;:&quot;&quot;,&quot;right&quot;:&quot;&quot;,&quot;bottom&quot;:&quot;&quot;,&quot;left&quot;:&quot;&quot;,&quot;isLinked&quot;:true},&quot;element_pack_global_tooltip_border_radius_tablet&quot;:{&quot;unit&quot;:&quot;px&quot;,&quot;top&quot;:&quot;&quot;,&quot;right&quot;:&quot;&quot;,&quot;bottom&quot;:&quot;&quot;,&quot;left&quot;:&quot;&quot;,&quot;isLinked&quot;:true},&quot;element_pack_global_tooltip_border_radius_mobile&quot;:{&quot;unit&quot;:&quot;px&quot;,&quot;top&quot;:&quot;&quot;,&quot;right&quot;:&quot;&quot;,&quot;bottom&quot;:&quot;&quot;,&quot;left&quot;:&quot;&quot;,&quot;isLinked&quot;:true}}\" data-elementor-post-type=\"page\">\n\t\t\t\t<div class=\"elementor-element elementor-element-a1198e0 e-flex e-con-boxed e-con e-parent\" data-id=\"a1198e0\" data-element_type=\"container\">\n\t\t\t\t\t<div class=\"e-con-inner\">\n\t\t\t\t\t<\/div>\n\t\t\t\t<\/div>\n\t\t<div class=\"elementor-element elementor-element-11b0abe e-flex e-con-boxed e-con e-parent\" data-id=\"11b0abe\" data-element_type=\"container\">\n\t\t\t\t\t<div class=\"e-con-inner\">\n\t\t<div class=\"elementor-element elementor-element-61a30f6 e-con-full e-flex e-con e-child\" data-id=\"61a30f6\" data-element_type=\"container\">\n\t\t\t\t<\/div>\n\t\t<div class=\"elementor-element elementor-element-2f0d2f7 e-con-full e-flex e-con e-child\" data-id=\"2f0d2f7\" data-element_type=\"container\">\n\t\t\t\t<div class=\"elementor-element elementor-element-4fa83de ahura-dark-mode-filter-texts-no elementor-widget elementor-widget-image\" data-id=\"4fa83de\" data-element_type=\"widget\" data-widget_type=\"image.default\">\n\t\t\t\t<div class=\"elementor-widget-container\">\n\t\t\t\t\t\t\t\t\t\t\t\t\t\t\t<img decoding=\"async\" src=\"https:\/\/fset.ae\/wp-content\/uploads\/2024\/10\/17.webp\" title=\"\" alt=\"\u062a\u0631\u062f\u0645\u06cc\u0644 \u0647\u06cc\u062f\u0631\u0648\u062a\u0631\u0627\u067e\u06cc \u0641\u0631\u06cc\u0627\u0644\" loading=\"lazy\" \/>\t\t\t\t\t\t\t\t\t\t\t\t\t\t\t<\/div>\n\t\t\t\t<\/div>\n\t\t\t\t<\/div>\n\t\t<div class=\"elementor-element elementor-element-b815b14 e-con-full e-flex e-con e-child\" data-id=\"b815b14\" data-element_type=\"container\">\n\t\t\t\t<\/div>\n\t\t\t\t\t<\/div>\n\t\t\t\t<\/div>\n\t\t<div class=\"elementor-element elementor-element-adf83e7 e-flex e-con-boxed e-con e-parent\" data-id=\"adf83e7\" data-element_type=\"container\">\n\t\t\t\t\t<div class=\"e-con-inner\">\n\t\t<div class=\"elementor-element elementor-element-5a0b307 e-con-full e-flex e-con e-child\" data-id=\"5a0b307\" data-element_type=\"container\">\n\t\t\t\t<div class=\"elementor-element elementor-element-b5cf408 ahura-dark-mode-filter-texts-no elementor-widget elementor-widget-text-editor\" data-id=\"b5cf408\" data-element_type=\"widget\" data-widget_type=\"text-editor.default\">\n\t\t\t\t<div class=\"elementor-widget-container\">\n\t\t\t\t\t\t\t\t\t<p data-start=\"71\" data-end=\"92\"><strong data-start=\"71\" data-end=\"92\">Teknik \u00d6zellikler<\/strong><\/p><ul data-start=\"94\" data-end=\"360\" data-is-last-node=\"\" data-is-only-node=\"\"><li data-start=\"94\" data-end=\"127\"><p data-start=\"96\" data-end=\"127\">Ko\u015fu band\u0131 h\u0131z\u0131: <strong data-start=\"113\" data-end=\"125\">0\u20138 km\/s<\/strong><\/p><\/li><li data-start=\"128\" data-end=\"171\"><p data-start=\"130\" data-end=\"171\">Maksimum su alma y\u00fcksekli\u011fi: <strong data-start=\"159\" data-end=\"169\">125 cm<\/strong><\/p><\/li><li data-start=\"172\" data-end=\"201\"><p data-start=\"174\" data-end=\"201\">Susuz a\u011f\u0131rl\u0131k: <strong data-start=\"189\" data-end=\"199\">250 kg<\/strong><\/p><\/li><li data-start=\"202\" data-end=\"248\"><p data-start=\"204\" data-end=\"248\">Maksimum suyla toplam a\u011f\u0131rl\u0131k: <strong data-start=\"235\" data-end=\"246\">2000 kg<\/strong><\/p><\/li><li data-start=\"249\" data-end=\"298\"><p data-start=\"251\" data-end=\"298\">Su s\u0131cakl\u0131\u011f\u0131 ayarlanabilir: <strong data-start=\"279\" data-end=\"296\">34\u00b0C\u2019ye kadar<\/strong><\/p><\/li><li data-start=\"299\" data-end=\"360\" data-is-last-node=\"\"><p data-start=\"301\" data-end=\"360\" data-is-last-node=\"\"><strong data-start=\"301\" data-end=\"360\" data-is-last-node=\"\">Su sirk\u00fclasyonu ile fiziksel ve kimyasal ar\u0131tma sistemi<\/strong><\/p><\/li><\/ul>\t\t\t\t\t\t\t\t<\/div>\n\t\t\t\t<\/div>\n\t\t\t\t<\/div>\n\t\t<div class=\"elementor-element elementor-element-e0b9712 e-con-full e-flex e-con e-child\" data-id=\"e0b9712\" data-element_type=\"container\">\n\t\t\t\t<div class=\"elementor-element elementor-element-82caf3d ahura-dark-mode-filter-texts-no elementor-widget elementor-widget-text-editor\" data-id=\"82caf3d\" data-element_type=\"widget\" data-widget_type=\"text-editor.default\">\n\t\t\t\t<div class=\"elementor-widget-container\">\n\t\t\t\t\t\t\t\t\t<p data-start=\"71\" data-end=\"92\"><strong data-start=\"71\" data-end=\"92\">Teknik \u00d6zellikler<\/strong><\/p><ul data-start=\"94\" data-end=\"360\" data-is-last-node=\"\" data-is-only-node=\"\"><li data-start=\"94\" data-end=\"127\"><p data-start=\"96\" data-end=\"127\">Ko\u015fu band\u0131 h\u0131z\u0131: <strong data-start=\"113\" data-end=\"125\">0\u20138 km\/s<\/strong><\/p><\/li><li data-start=\"128\" data-end=\"171\"><p data-start=\"130\" data-end=\"171\">Maksimum su alma y\u00fcksekli\u011fi: <strong data-start=\"159\" data-end=\"169\">125 cm<\/strong><\/p><\/li><li data-start=\"172\" data-end=\"201\"><p data-start=\"174\" data-end=\"201\">Susuz a\u011f\u0131rl\u0131k: <strong data-start=\"189\" data-end=\"199\">250 kg<\/strong><\/p><\/li><li data-start=\"202\" data-end=\"248\"><p data-start=\"204\" data-end=\"248\">Maksimum suyla toplam a\u011f\u0131rl\u0131k: <strong data-start=\"235\" data-end=\"246\">2000 kg<\/strong><\/p><\/li><li data-start=\"249\" data-end=\"298\"><p data-start=\"251\" data-end=\"298\">Su s\u0131cakl\u0131\u011f\u0131 ayarlanabilir: <strong data-start=\"279\" data-end=\"296\">34\u00b0C\u2019ye kadar<\/strong><\/p><\/li><li data-start=\"299\" data-end=\"360\" data-is-last-node=\"\"><p data-start=\"301\" data-end=\"360\" data-is-last-node=\"\"><strong data-start=\"301\" data-end=\"360\" data-is-last-node=\"\">Su sirk\u00fclasyonu ile fiziksel ve kimyasal ar\u0131tma sistemi<\/strong><\/p><\/li><\/ul>\t\t\t\t\t\t\t\t<\/div>\n\t\t\t\t<\/div>\n\t\t\t\t<\/div>\n\t\t\t\t\t<\/div>\n\t\t\t\t<\/div>\n\t\t<div class=\"elementor-element elementor-element-7f7871d e-flex e-con-boxed e-con e-parent\" data-id=\"7f7871d\" data-element_type=\"container\">\n\t\t\t\t\t<div class=\"e-con-inner\">\n\t\t<div class=\"elementor-element elementor-element-36cb400 e-con-full e-flex e-con e-child\" data-id=\"36cb400\" data-element_type=\"container\">\n\t\t<div class=\"elementor-element elementor-element-6a13574 e-grid e-con-full e-con e-child\" data-id=\"6a13574\" data-element_type=\"container\">\n\t\t<div class=\"elementor-element elementor-element-f47ac35 e-con-full e-flex e-con e-child\" data-id=\"f47ac35\" data-element_type=\"container\">\n\t\t\t\t<div class=\"elementor-element elementor-element-ba6ae24 elementor-widget__width-initial ahura-dark-mode-filter-texts-no elementor-widget elementor-widget-shortcode\" data-id=\"ba6ae24\" data-element_type=\"widget\" data-widget_type=\"shortcode.default\">\n\t\t\t\t<div class=\"elementor-widget-container\">\n\t\t\t\t\t\t\t<div class=\"elementor-shortcode\"><style>.h_iframe-aparat_embed_frame{position:relative;}.h_iframe-aparat_embed_frame .ratio{display:block;width:100%;height:auto;}.h_iframe-aparat_embed_frame iframe{position:absolute;top:0;left:0;width:100%;height:100%;}<\/style><div class=\"h_iframe-aparat_embed_frame\"><span style=\"display: block;padding-top: 57%\"><\/span><iframe src=\"https:\/\/www.aparat.com\/video\/video\/embed\/videohash\/rTQ73\/vt\/frame\"  allowFullScreen=\"true\" webkitallowfullscreen=\"true\" mozallowfullscreen=\"true\" loading=\"lazy\"><\/iframe><\/div><\/div>\n\t\t\t\t\t\t<\/div>\n\t\t\t\t<\/div>\n\t\t\t\t<\/div>\n\t\t<div class=\"elementor-element elementor-element-f330193 e-con-full e-flex e-con e-child\" data-id=\"f330193\" data-element_type=\"container\">\n\t\t\t\t<div data-ep-wrapper-link=\"{&quot;url&quot;:&quot;https:\\\/\\\/fset.ae\\\/wp-content\\\/uploads\\\/2024\\\/doc\\\/oldmanualx.pdf&quot;,&quot;is_external&quot;:&quot;&quot;,&quot;nofollow&quot;:&quot;&quot;,&quot;custom_attributes&quot;:&quot;&quot;}\" style=\"cursor: pointer\" class=\"bdt-element-link elementor-element elementor-element-eace378 elementor-align-center ahura-dark-mode-filter-texts-no elementor-widget elementor-widget-bdt-advanced-button\" data-id=\"eace378\" data-element_type=\"widget\" data-widget_type=\"bdt-advanced-button.default\">\n\t\t\t\t<div class=\"elementor-widget-container\">\n\t\t\t\t\t\t\t<div class=\"bdt-ep-button-wrapper\">\n\t\t\t<a href=\"https:\/\/fset.ae\/wp-content\/uploads\/2024\/11\/x2000.pdf\" class=\"bdt-ep-button bdt-ep-button-effect-i bdt-ep-button-size-sm\">\n\t\t\t\t\t\t<div class=\"bdt-ep-button-content-wrapper bdt-flex bdt-flex-middle bdt-flex-center  bdt-flex bdt-flex-column-reverse\" data-text=\"Katalog\">\n\t\t\t\t\t\t\t<div class=\"bdt-ep-button-icon bdt-flex-center bdt-flex-align-bottom\">\n\t\t\t\t\t<div class=\"bdt-ep-button-icon-inner\">\n\n\t\t\t\t\t\t<svg aria-hidden=\"true\" class=\"fa-fw e-font-icon-svg e-fas-book\" viewBox=\"0 0 448 512\" xmlns=\"http:\/\/www.w3.org\/2000\/svg\"><path d=\"M448 360V24c0-13.3-10.7-24-24-24H96C43 0 0 43 0 96v320c0 53 43 96 96 96h328c13.3 0 24-10.7 24-24v-16c0-7.5-3.5-14.3-8.9-18.7-4.2-15.4-4.2-59.3 0-74.7 5.4-4.3 8.9-11.1 8.9-18.6zM128 134c0-3.3 2.7-6 6-6h212c3.3 0 6 2.7 6 6v20c0 3.3-2.7 6-6 6H134c-3.3 0-6-2.7-6-6v-20zm0 64c0-3.3 2.7-6 6-6h212c3.3 0 6 2.7 6 6v20c0 3.3-2.7 6-6 6H134c-3.3 0-6-2.7-6-6v-20zm253.4 250H96c-17.7 0-32-14.3-32-32 0-17.6 14.4-32 32-32h285.4c-1.9 17.1-1.9 46.9 0 64z\"><\/path><\/svg>\n\t\t\t\t\t<\/div>\n\t\t\t\t<\/div>\n\t\t\t\n\t\t\t<div class=\"bdt-ep-button-text\">\n\n\t\t\t\t<span class=\"avdbtn-text\">\n\t\t\t\t\tKatalog\t\t\t\t<\/span>\n\n\t\t\t\t\t\t\t<\/div>\n\n\t\t\t\n\t\t<\/div>\n\t\t\t\t\t<\/a>\n\t\t<\/div>\n\t\t\t\t\t\t<\/div>\n\t\t\t\t<\/div>\n\t\t\t\t<div data-ep-wrapper-link=\"{&quot;url&quot;:&quot;https:\\\/\\\/fset.ae\\\/wp-content\\\/uploads\\\/2024\\\/doc\\\/newManualx.pdf&quot;,&quot;is_external&quot;:&quot;&quot;,&quot;nofollow&quot;:&quot;&quot;,&quot;custom_attributes&quot;:&quot;&quot;}\" style=\"cursor: pointer\" class=\"bdt-element-link elementor-element elementor-element-ba821ee elementor-align-center ahura-dark-mode-filter-texts-no elementor-widget elementor-widget-bdt-advanced-button\" data-id=\"ba821ee\" data-element_type=\"widget\" data-widget_type=\"bdt-advanced-button.default\">\n\t\t\t\t<div class=\"elementor-widget-container\">\n\t\t\t\t\t\t\t<div class=\"bdt-ep-button-wrapper\">\n\t\t\t<a href=\"https:\/\/fset.ae\/clips\/\" class=\"bdt-ep-button bdt-ep-button-effect-i bdt-ep-button-size-sm\">\n\t\t\t\t\t\t<div class=\"bdt-ep-button-content-wrapper bdt-flex bdt-flex-middle bdt-flex-center  bdt-flex bdt-flex-column-reverse\" data-text=\"Daha fazla klip\">\n\t\t\t\t\t\t\t<div class=\"bdt-ep-button-icon bdt-flex-center bdt-flex-align-bottom\">\n\t\t\t\t\t<div class=\"bdt-ep-button-icon-inner\">\n\n\t\t\t\t\t\t<svg aria-hidden=\"true\" class=\"fa-fw e-font-icon-svg e-fas-book\" viewBox=\"0 0 448 512\" xmlns=\"http:\/\/www.w3.org\/2000\/svg\"><path d=\"M448 360V24c0-13.3-10.7-24-24-24H96C43 0 0 43 0 96v320c0 53 43 96 96 96h328c13.3 0 24-10.7 24-24v-16c0-7.5-3.5-14.3-8.9-18.7-4.2-15.4-4.2-59.3 0-74.7 5.4-4.3 8.9-11.1 8.9-18.6zM128 134c0-3.3 2.7-6 6-6h212c3.3 0 6 2.7 6 6v20c0 3.3-2.7 6-6 6H134c-3.3 0-6-2.7-6-6v-20zm0 64c0-3.3 2.7-6 6-6h212c3.3 0 6 2.7 6 6v20c0 3.3-2.7 6-6 6H134c-3.3 0-6-2.7-6-6v-20zm253.4 250H96c-17.7 0-32-14.3-32-32 0-17.6 14.4-32 32-32h285.4c-1.9 17.1-1.9 46.9 0 64z\"><\/path><\/svg>\n\t\t\t\t\t<\/div>\n\t\t\t\t<\/div>\n\t\t\t\n\t\t\t<div class=\"bdt-ep-button-text\">\n\n\t\t\t\t<span class=\"avdbtn-text\">\n\t\t\t\t\tDaha fazla klip\t\t\t\t<\/span>\n\n\t\t\t\t\t\t\t<\/div>\n\n\t\t\t\n\t\t<\/div>\n\t\t\t\t\t<\/a>\n\t\t<\/div>\n\t\t\t\t\t\t<\/div>\n\t\t\t\t<\/div>\n\t\t\t\t<\/div>\n\t\t\t\t<\/div>\n\t\t\t\t<\/div>\n\t\t\t\t\t<\/div>\n\t\t\t\t<\/div>\n\t\t\t\t<\/div>\n\t\t","protected":false},"excerpt":{"rendered":"<p>Teknik \u00d6zellikler Ko\u015fu band\u0131 h\u0131z\u0131: 0\u20138 km\/s Maksimum su alma y\u00fcksekli\u011fi: 125 cm Susuz a\u011f\u0131rl\u0131k: 250 kg Maksimum suyla toplam a\u011f\u0131rl\u0131k: 2000 kg Su s\u0131cakl\u0131\u011f\u0131 ayarlanabilir: 34\u00b0C\u2019ye kadar Su sirk\u00fclasyonu&#8230;<\/p>\n","protected":false},"author":1,"featured_media":0,"parent":0,"menu_order":0,"comment_status":"closed","ping_status":"closed","template":"elementor_header_footer","meta":{"footnotes":""},"class_list":["post-4137","page","type-page","status-publish","hentry"],"_links":{"self":[{"href":"https:\/\/fset.ae\/tr\/wp-json\/wp\/v2\/pages\/4137","targetHints":{"allow":["GET"]}}],"collection":[{"href":"https:\/\/fset.ae\/tr\/wp-json\/wp\/v2\/pages"}],"about":[{"href":"https:\/\/fset.ae\/tr\/wp-json\/wp\/v2\/types\/page"}],"author":[{"embeddable":true,"href":"https:\/\/fset.ae\/tr\/wp-json\/wp\/v2\/users\/1"}],"replies":[{"embeddable":true,"href":"https:\/\/fset.ae\/tr\/wp-json\/wp\/v2\/comments?post=4137"}],"version-history":[{"count":5,"href":"https:\/\/fset.ae\/tr\/wp-json\/wp\/v2\/pages\/4137\/revisions"}],"predecessor-version":[{"id":4281,"href":"https:\/\/fset.ae\/tr\/wp-json\/wp\/v2\/pages\/4137\/revisions\/4281"}],"wp:attachment":[{"href":"https:\/\/fset.ae\/tr\/wp-json\/wp\/v2\/media?parent=4137"}],"curies":[{"name":"wp","href":"https:\/\/api.w.org\/{rel}","templated":true}]}}