{"id":4136,"date":"2025-05-04T14:32:30","date_gmt":"2025-05-04T11:02:30","guid":{"rendered":"https:\/\/fset.ae\/underwater-treadmill-sx\/"},"modified":"2025-07-02T14:16:14","modified_gmt":"2025-07-02T10:46:14","slug":"sualti-kosu-bandi-sx","status":"publish","type":"page","link":"https:\/\/fset.ae\/tr\/sualti-kosu-bandi-sx\/","title":{"rendered":"Sualt\u0131 ko\u015fu band\u0131 sx"},"content":{"rendered":"\t\t<div data-elementor-type=\"wp-page\" data-elementor-id=\"4136\" class=\"elementor elementor-4136\" data-elementor-settings=\"{&quot;element_pack_global_tooltip_width&quot;:{&quot;unit&quot;:&quot;px&quot;,&quot;size&quot;:&quot;&quot;,&quot;sizes&quot;:[]},&quot;element_pack_global_tooltip_width_tablet&quot;:{&quot;unit&quot;:&quot;px&quot;,&quot;size&quot;:&quot;&quot;,&quot;sizes&quot;:[]},&quot;element_pack_global_tooltip_width_mobile&quot;:{&quot;unit&quot;:&quot;px&quot;,&quot;size&quot;:&quot;&quot;,&quot;sizes&quot;:[]},&quot;element_pack_global_tooltip_padding&quot;:{&quot;unit&quot;:&quot;px&quot;,&quot;top&quot;:&quot;&quot;,&quot;right&quot;:&quot;&quot;,&quot;bottom&quot;:&quot;&quot;,&quot;left&quot;:&quot;&quot;,&quot;isLinked&quot;:true},&quot;element_pack_global_tooltip_padding_tablet&quot;:{&quot;unit&quot;:&quot;px&quot;,&quot;top&quot;:&quot;&quot;,&quot;right&quot;:&quot;&quot;,&quot;bottom&quot;:&quot;&quot;,&quot;left&quot;:&quot;&quot;,&quot;isLinked&quot;:true},&quot;element_pack_global_tooltip_padding_mobile&quot;:{&quot;unit&quot;:&quot;px&quot;,&quot;top&quot;:&quot;&quot;,&quot;right&quot;:&quot;&quot;,&quot;bottom&quot;:&quot;&quot;,&quot;left&quot;:&quot;&quot;,&quot;isLinked&quot;:true},&quot;element_pack_global_tooltip_border_radius&quot;:{&quot;unit&quot;:&quot;px&quot;,&quot;top&quot;:&quot;&quot;,&quot;right&quot;:&quot;&quot;,&quot;bottom&quot;:&quot;&quot;,&quot;left&quot;:&quot;&quot;,&quot;isLinked&quot;:true},&quot;element_pack_global_tooltip_border_radius_tablet&quot;:{&quot;unit&quot;:&quot;px&quot;,&quot;top&quot;:&quot;&quot;,&quot;right&quot;:&quot;&quot;,&quot;bottom&quot;:&quot;&quot;,&quot;left&quot;:&quot;&quot;,&quot;isLinked&quot;:true},&quot;element_pack_global_tooltip_border_radius_mobile&quot;:{&quot;unit&quot;:&quot;px&quot;,&quot;top&quot;:&quot;&quot;,&quot;right&quot;:&quot;&quot;,&quot;bottom&quot;:&quot;&quot;,&quot;left&quot;:&quot;&quot;,&quot;isLinked&quot;:true}}\" data-elementor-post-type=\"page\">\n\t\t\t\t<div class=\"elementor-element elementor-element-e71d24c e-flex e-con-boxed e-con e-parent\" data-id=\"e71d24c\" data-element_type=\"container\">\n\t\t\t\t\t<div class=\"e-con-inner\">\n\t\t\t\t\t<\/div>\n\t\t\t\t<\/div>\n\t\t<div class=\"elementor-element elementor-element-8efa847 e-flex e-con-boxed e-con e-parent\" data-id=\"8efa847\" data-element_type=\"container\">\n\t\t\t\t\t<div class=\"e-con-inner\">\n\t\t<div class=\"elementor-element elementor-element-1d393b6 e-con-full e-flex e-con e-child\" data-id=\"1d393b6\" data-element_type=\"container\">\n\t\t\t\t<\/div>\n\t\t<div class=\"elementor-element elementor-element-6e4bc0c e-con-full e-flex e-con e-child\" data-id=\"6e4bc0c\" data-element_type=\"container\">\n\t\t\t\t<div class=\"elementor-element elementor-element-bdec03b ahura-dark-mode-filter-texts-no elementor-widget elementor-widget-image\" data-id=\"bdec03b\" data-element_type=\"widget\" data-widget_type=\"image.default\">\n\t\t\t\t<div class=\"elementor-widget-container\">\n\t\t\t\t\t\t\t\t\t\t\t\t\t\t\t<img decoding=\"async\" src=\"https:\/\/fset.ae\/wp-content\/uploads\/2024\/10\/16.webp\" title=\"\" alt=\"\u062a\u0631\u062f\u0645\u06cc\u0644 \u062f\u0631 \u0622\u0628 \u0641\u0631\u06cc\u0627\u0644\" loading=\"lazy\" \/>\t\t\t\t\t\t\t\t\t\t\t\t\t\t\t<\/div>\n\t\t\t\t<\/div>\n\t\t\t\t<\/div>\n\t\t<div class=\"elementor-element elementor-element-bef4f33 e-con-full e-flex e-con e-child\" data-id=\"bef4f33\" data-element_type=\"container\">\n\t\t\t\t<\/div>\n\t\t\t\t\t<\/div>\n\t\t\t\t<\/div>\n\t\t<div class=\"elementor-element elementor-element-9b6e1e4 e-flex e-con-boxed e-con e-parent\" data-id=\"9b6e1e4\" data-element_type=\"container\">\n\t\t\t\t\t<div class=\"e-con-inner\">\n\t\t<div class=\"elementor-element elementor-element-9a45fa1 e-con-full e-flex e-con e-child\" data-id=\"9a45fa1\" data-element_type=\"container\">\n\t\t<div class=\"elementor-element elementor-element-9dc4dde e-con-full e-flex e-con e-child\" data-id=\"9dc4dde\" data-element_type=\"container\">\n\t\t\t\t<div class=\"elementor-element elementor-element-ddf93bb ahura-dark-mode-filter-texts-no elementor-widget elementor-widget-text-editor\" data-id=\"ddf93bb\" data-element_type=\"widget\" data-widget_type=\"text-editor.default\">\n\t\t\t\t<div class=\"elementor-widget-container\">\n\t\t\t\t\t\t\t\t\t<p data-start=\"71\" data-end=\"92\"><strong data-start=\"71\" data-end=\"92\">Teknik \u00d6zellikler<\/strong><\/p><ul data-start=\"94\" data-end=\"361\" data-is-last-node=\"\" data-is-only-node=\"\"><li data-start=\"94\" data-end=\"128\"><p data-start=\"96\" data-end=\"128\">Ko\u015fu band\u0131 h\u0131z\u0131: <strong data-start=\"113\" data-end=\"126\">0\u201312 km\/s<\/strong><\/p><\/li><li data-start=\"129\" data-end=\"172\"><p data-start=\"131\" data-end=\"172\">Maksimum su alma y\u00fcksekli\u011fi: <strong data-start=\"160\" data-end=\"170\">125 cm<\/strong><\/p><\/li><li data-start=\"173\" data-end=\"202\"><p data-start=\"175\" data-end=\"202\">Susuz a\u011f\u0131rl\u0131k: <strong data-start=\"190\" data-end=\"200\">300 kg<\/strong><\/p><\/li><li data-start=\"203\" data-end=\"249\"><p data-start=\"205\" data-end=\"249\">Maksimum suyla toplam a\u011f\u0131rl\u0131k: <strong data-start=\"236\" data-end=\"247\">2000 kg<\/strong><\/p><\/li><li data-start=\"250\" data-end=\"299\"><p data-start=\"252\" data-end=\"299\">Su s\u0131cakl\u0131\u011f\u0131 ayarlanabilir: <strong data-start=\"280\" data-end=\"297\">34\u00b0C\u2019ye kadar<\/strong><\/p><\/li><li data-start=\"300\" data-end=\"361\" data-is-last-node=\"\"><p data-start=\"302\" data-end=\"361\" data-is-last-node=\"\"><strong data-start=\"302\" data-end=\"361\" data-is-last-node=\"\">Su sirk\u00fclasyonu ile fiziksel ve kimyasal ar\u0131tma sistemi<\/strong><\/p><\/li><\/ul>\t\t\t\t\t\t\t\t<\/div>\n\t\t\t\t<\/div>\n\t\t\t\t<\/div>\n\t\t<div class=\"elementor-element elementor-element-a234efc e-con-full e-flex e-con e-child\" data-id=\"a234efc\" data-element_type=\"container\">\n\t\t\t\t<div class=\"elementor-element elementor-element-81f9eff ahura-dark-mode-filter-texts-no elementor-widget elementor-widget-text-editor\" data-id=\"81f9eff\" data-element_type=\"widget\" data-widget_type=\"text-editor.default\">\n\t\t\t\t<div class=\"elementor-widget-container\">\n\t\t\t\t\t\t\t\t\t<p data-start=\"66\" data-end=\"84\"><strong data-start=\"66\" data-end=\"84\">Kullan\u0131m Alan\u0131<\/strong><\/p><p data-start=\"86\" data-end=\"246\">Bu ko\u015fu band\u0131, <strong data-start=\"101\" data-end=\"112\">fitness<\/strong> ve <strong data-start=\"116\" data-end=\"143\">zay\u0131flama merkezlerinde<\/strong> kullan\u0131lmak \u00fczere tasarlanm\u0131\u015f ve \u00fcretilmi\u015ftir ve \u00f6nceki modellere g\u00f6re daha yeni \u00f6zelliklere sahiptir.<\/p><p data-start=\"248\" data-end=\"402\">\u00d6nceki modellerde oldu\u011fu gibi, <strong data-start=\"279\" data-end=\"313\">suda ko\u015fu i\u00e7in daha y\u00fcksek h\u0131z<\/strong> ve <strong data-start=\"317\" data-end=\"382\">hareket aral\u0131\u011f\u0131n\u0131 daha iyi kar\u015f\u0131lamak i\u00e7in daha uzun bir yap\u0131<\/strong> dikkate al\u0131nm\u0131\u015ft\u0131r.<\/p><p data-start=\"404\" data-end=\"660\">Ayr\u0131ca, <strong data-start=\"412\" data-end=\"443\">zay\u0131flama ve kas geli\u015ftirme<\/strong> alan\u0131nda suyun etkisini en \u00fcst d\u00fczeye \u00e7\u0131karmak amac\u0131yla bu cihaza <strong data-start=\"510\" data-end=\"534\">sekiz adet turbo jet<\/strong> eklenmi\u015ftir. Bu jetler, karada ko\u015fuya k\u0131yasla <strong data-start=\"581\" data-end=\"612\">sekiz kat daha fazla bas\u0131n\u00e7<\/strong> sa\u011flayarak antrenman\u0131 daha etkili hale getirir.<\/p><p data-start=\"662\" data-end=\"815\" data-is-last-node=\"\" data-is-only-node=\"\">Bu ko\u015fu band\u0131n\u0131n kontrol sistemi hem <strong data-start=\"699\" data-end=\"709\">tablet<\/strong> hem de <strong data-start=\"717\" data-end=\"728\">monit\u00f6r<\/strong> \u00fczerinden \u00e7al\u0131\u015fmakta olup, <strong data-start=\"756\" data-end=\"815\" data-is-last-node=\"\">antren\u00f6r uzaktan t\u00fcm parametrelere eri\u015fim sa\u011flayabilir.<\/strong><\/p>\t\t\t\t\t\t\t\t<\/div>\n\t\t\t\t<\/div>\n\t\t\t\t<\/div>\n\t\t\t\t<\/div>\n\t\t\t\t\t<\/div>\n\t\t\t\t<\/div>\n\t\t<div class=\"elementor-element elementor-element-9969c9b e-flex e-con-boxed e-con e-parent\" data-id=\"9969c9b\" data-element_type=\"container\">\n\t\t\t\t\t<div class=\"e-con-inner\">\n\t\t<div class=\"elementor-element elementor-element-18529a6 e-grid e-con-full e-con e-child\" data-id=\"18529a6\" data-element_type=\"container\">\n\t\t<div class=\"elementor-element elementor-element-ad6ca0e e-con-full e-flex e-con e-child\" data-id=\"ad6ca0e\" data-element_type=\"container\">\n\t\t\t\t<div class=\"elementor-element elementor-element-8ae52d7 elementor-widget__width-initial ahura-dark-mode-filter-texts-no elementor-widget elementor-widget-shortcode\" data-id=\"8ae52d7\" data-element_type=\"widget\" data-widget_type=\"shortcode.default\">\n\t\t\t\t<div class=\"elementor-widget-container\">\n\t\t\t\t\t\t\t<div class=\"elementor-shortcode\"><style>.h_iframe-aparat_embed_frame{position:relative;}.h_iframe-aparat_embed_frame .ratio{display:block;width:100%;height:auto;}.h_iframe-aparat_embed_frame iframe{position:absolute;top:0;left:0;width:100%;height:100%;}<\/style><div class=\"h_iframe-aparat_embed_frame\"><span style=\"display: block;padding-top: 57%\"><\/span><iframe src=\"https:\/\/www.aparat.com\/video\/video\/embed\/videohash\/w6kpY\/vt\/frame\"  allowFullScreen=\"true\" webkitallowfullscreen=\"true\" mozallowfullscreen=\"true\" loading=\"lazy\"><\/iframe><\/div><\/div>\n\t\t\t\t\t\t<\/div>\n\t\t\t\t<\/div>\n\t\t\t\t<\/div>\n\t\t<div class=\"elementor-element elementor-element-7887ddf e-con-full e-flex e-con e-child\" data-id=\"7887ddf\" data-element_type=\"container\">\n\t\t\t\t<div data-ep-wrapper-link=\"{&quot;url&quot;:&quot;https:\\\/\\\/fset.ae\\\/wp-content\\\/uploads\\\/2024\\\/doc\\\/Manualsx.pdf&quot;,&quot;is_external&quot;:&quot;&quot;,&quot;nofollow&quot;:&quot;&quot;,&quot;custom_attributes&quot;:&quot;&quot;}\" style=\"cursor: pointer\" class=\"bdt-element-link elementor-element elementor-element-19ae387 elementor-align-center ahura-dark-mode-filter-texts-no elementor-widget elementor-widget-bdt-advanced-button\" data-id=\"19ae387\" data-element_type=\"widget\" data-widget_type=\"bdt-advanced-button.default\">\n\t\t\t\t<div class=\"elementor-widget-container\">\n\t\t\t\t\t\t\t<div class=\"bdt-ep-button-wrapper\">\n\t\t\t<a href=\"https:\/\/fset.ae\/wp-content\/uploads\/2024\/11\/sx2000.pdf\" class=\"bdt-ep-button bdt-ep-button-effect-i bdt-ep-button-size-sm\">\n\t\t\t\t\t\t<div class=\"bdt-ep-button-content-wrapper bdt-flex bdt-flex-middle bdt-flex-center  bdt-flex bdt-flex-column-reverse\" data-text=\"Katalog\">\n\t\t\t\t\t\t\t<div class=\"bdt-ep-button-icon bdt-flex-center bdt-flex-align-bottom\">\n\t\t\t\t\t<div class=\"bdt-ep-button-icon-inner\">\n\n\t\t\t\t\t\t<svg aria-hidden=\"true\" class=\"fa-fw e-font-icon-svg e-fas-book\" viewBox=\"0 0 448 512\" xmlns=\"http:\/\/www.w3.org\/2000\/svg\"><path d=\"M448 360V24c0-13.3-10.7-24-24-24H96C43 0 0 43 0 96v320c0 53 43 96 96 96h328c13.3 0 24-10.7 24-24v-16c0-7.5-3.5-14.3-8.9-18.7-4.2-15.4-4.2-59.3 0-74.7 5.4-4.3 8.9-11.1 8.9-18.6zM128 134c0-3.3 2.7-6 6-6h212c3.3 0 6 2.7 6 6v20c0 3.3-2.7 6-6 6H134c-3.3 0-6-2.7-6-6v-20zm0 64c0-3.3 2.7-6 6-6h212c3.3 0 6 2.7 6 6v20c0 3.3-2.7 6-6 6H134c-3.3 0-6-2.7-6-6v-20zm253.4 250H96c-17.7 0-32-14.3-32-32 0-17.6 14.4-32 32-32h285.4c-1.9 17.1-1.9 46.9 0 64z\"><\/path><\/svg>\n\t\t\t\t\t<\/div>\n\t\t\t\t<\/div>\n\t\t\t\n\t\t\t<div class=\"bdt-ep-button-text\">\n\n\t\t\t\t<span class=\"avdbtn-text\">\n\t\t\t\t\tKatalog\t\t\t\t<\/span>\n\n\t\t\t\t\t\t\t<\/div>\n\n\t\t\t\n\t\t<\/div>\n\t\t\t\t\t<\/a>\n\t\t<\/div>\n\t\t\t\t\t\t<\/div>\n\t\t\t\t<\/div>\n\t\t\t\t<div data-ep-wrapper-link=\"{&quot;url&quot;:&quot;https:\\\/\\\/fset.ae\\\/wp-content\\\/uploads\\\/2024\\\/doc\\\/newManualx.pdf&quot;,&quot;is_external&quot;:&quot;&quot;,&quot;nofollow&quot;:&quot;&quot;,&quot;custom_attributes&quot;:&quot;&quot;}\" style=\"cursor: pointer\" class=\"bdt-element-link elementor-element elementor-element-fbb3869 elementor-align-center ahura-dark-mode-filter-texts-no elementor-widget elementor-widget-bdt-advanced-button\" data-id=\"fbb3869\" data-element_type=\"widget\" data-widget_type=\"bdt-advanced-button.default\">\n\t\t\t\t<div class=\"elementor-widget-container\">\n\t\t\t\t\t\t\t<div class=\"bdt-ep-button-wrapper\">\n\t\t\t<a href=\"https:\/\/fset.ae\/clips\/\" class=\"bdt-ep-button bdt-ep-button-effect-i bdt-ep-button-size-sm\">\n\t\t\t\t\t\t<div class=\"bdt-ep-button-content-wrapper bdt-flex bdt-flex-middle bdt-flex-center  bdt-flex bdt-flex-column-reverse\" data-text=\"Daha fazla klip\">\n\t\t\t\t\t\t\t<div class=\"bdt-ep-button-icon bdt-flex-center bdt-flex-align-bottom\">\n\t\t\t\t\t<div class=\"bdt-ep-button-icon-inner\">\n\n\t\t\t\t\t\t<svg aria-hidden=\"true\" class=\"fa-fw e-font-icon-svg e-fas-book\" viewBox=\"0 0 448 512\" xmlns=\"http:\/\/www.w3.org\/2000\/svg\"><path d=\"M448 360V24c0-13.3-10.7-24-24-24H96C43 0 0 43 0 96v320c0 53 43 96 96 96h328c13.3 0 24-10.7 24-24v-16c0-7.5-3.5-14.3-8.9-18.7-4.2-15.4-4.2-59.3 0-74.7 5.4-4.3 8.9-11.1 8.9-18.6zM128 134c0-3.3 2.7-6 6-6h212c3.3 0 6 2.7 6 6v20c0 3.3-2.7 6-6 6H134c-3.3 0-6-2.7-6-6v-20zm0 64c0-3.3 2.7-6 6-6h212c3.3 0 6 2.7 6 6v20c0 3.3-2.7 6-6 6H134c-3.3 0-6-2.7-6-6v-20zm253.4 250H96c-17.7 0-32-14.3-32-32 0-17.6 14.4-32 32-32h285.4c-1.9 17.1-1.9 46.9 0 64z\"><\/path><\/svg>\n\t\t\t\t\t<\/div>\n\t\t\t\t<\/div>\n\t\t\t\n\t\t\t<div class=\"bdt-ep-button-text\">\n\n\t\t\t\t<span class=\"avdbtn-text\">\n\t\t\t\t\tDaha fazla klip\t\t\t\t<\/span>\n\n\t\t\t\t\t\t\t<\/div>\n\n\t\t\t\n\t\t<\/div>\n\t\t\t\t\t<\/a>\n\t\t<\/div>\n\t\t\t\t\t\t<\/div>\n\t\t\t\t<\/div>\n\t\t\t\t<\/div>\n\t\t\t\t<\/div>\n\t\t\t\t\t<\/div>\n\t\t\t\t<\/div>\n\t\t\t\t<\/div>\n\t\t","protected":false},"excerpt":{"rendered":"<p>Teknik \u00d6zellikler Ko\u015fu band\u0131 h\u0131z\u0131: 0\u201312 km\/s Maksimum su alma y\u00fcksekli\u011fi: 125 cm Susuz a\u011f\u0131rl\u0131k: 300 kg Maksimum suyla toplam a\u011f\u0131rl\u0131k: 2000 kg Su s\u0131cakl\u0131\u011f\u0131 ayarlanabilir: 34\u00b0C\u2019ye kadar Su sirk\u00fclasyonu&#8230;<\/p>\n","protected":false},"author":1,"featured_media":0,"parent":0,"menu_order":0,"comment_status":"closed","ping_status":"closed","template":"elementor_header_footer","meta":{"footnotes":""},"class_list":["post-4136","page","type-page","status-publish","hentry"],"_links":{"self":[{"href":"https:\/\/fset.ae\/tr\/wp-json\/wp\/v2\/pages\/4136","targetHints":{"allow":["GET"]}}],"collection":[{"href":"https:\/\/fset.ae\/tr\/wp-json\/wp\/v2\/pages"}],"about":[{"href":"https:\/\/fset.ae\/tr\/wp-json\/wp\/v2\/types\/page"}],"author":[{"embeddable":true,"href":"https:\/\/fset.ae\/tr\/wp-json\/wp\/v2\/users\/1"}],"replies":[{"embeddable":true,"href":"https:\/\/fset.ae\/tr\/wp-json\/wp\/v2\/comments?post=4136"}],"version-history":[{"count":5,"href":"https:\/\/fset.ae\/tr\/wp-json\/wp\/v2\/pages\/4136\/revisions"}],"predecessor-version":[{"id":4280,"href":"https:\/\/fset.ae\/tr\/wp-json\/wp\/v2\/pages\/4136\/revisions\/4280"}],"wp:attachment":[{"href":"https:\/\/fset.ae\/tr\/wp-json\/wp\/v2\/media?parent=4136"}],"curies":[{"name":"wp","href":"https:\/\/api.w.org\/{rel}","templated":true}]}}