{"id":4128,"date":"2025-05-04T14:26:01","date_gmt":"2025-05-04T10:56:01","guid":{"rendered":"https:\/\/fset.ae\/pet-underwater-treadmill-for-a-1500\/"},"modified":"2025-07-02T11:10:50","modified_gmt":"2025-07-02T07:40:50","slug":"evcil-hayvanlar-icin-su-alti-kosu-bandi-a-1500","status":"publish","type":"page","link":"https:\/\/fset.ae\/tr\/evcil-hayvanlar-icin-su-alti-kosu-bandi-a-1500\/","title":{"rendered":"Evcil Hayvanlar \u0130\u00e7in Su Alt\u0131 Ko\u015fu Band\u0131 A-1500"},"content":{"rendered":"\t\t<div data-elementor-type=\"wp-page\" data-elementor-id=\"4128\" class=\"elementor elementor-4128\" data-elementor-settings=\"{&quot;element_pack_global_tooltip_width&quot;:{&quot;unit&quot;:&quot;px&quot;,&quot;size&quot;:&quot;&quot;,&quot;sizes&quot;:[]},&quot;element_pack_global_tooltip_width_tablet&quot;:{&quot;unit&quot;:&quot;px&quot;,&quot;size&quot;:&quot;&quot;,&quot;sizes&quot;:[]},&quot;element_pack_global_tooltip_width_mobile&quot;:{&quot;unit&quot;:&quot;px&quot;,&quot;size&quot;:&quot;&quot;,&quot;sizes&quot;:[]},&quot;element_pack_global_tooltip_padding&quot;:{&quot;unit&quot;:&quot;px&quot;,&quot;top&quot;:&quot;&quot;,&quot;right&quot;:&quot;&quot;,&quot;bottom&quot;:&quot;&quot;,&quot;left&quot;:&quot;&quot;,&quot;isLinked&quot;:true},&quot;element_pack_global_tooltip_padding_tablet&quot;:{&quot;unit&quot;:&quot;px&quot;,&quot;top&quot;:&quot;&quot;,&quot;right&quot;:&quot;&quot;,&quot;bottom&quot;:&quot;&quot;,&quot;left&quot;:&quot;&quot;,&quot;isLinked&quot;:true},&quot;element_pack_global_tooltip_padding_mobile&quot;:{&quot;unit&quot;:&quot;px&quot;,&quot;top&quot;:&quot;&quot;,&quot;right&quot;:&quot;&quot;,&quot;bottom&quot;:&quot;&quot;,&quot;left&quot;:&quot;&quot;,&quot;isLinked&quot;:true},&quot;element_pack_global_tooltip_border_radius&quot;:{&quot;unit&quot;:&quot;px&quot;,&quot;top&quot;:&quot;&quot;,&quot;right&quot;:&quot;&quot;,&quot;bottom&quot;:&quot;&quot;,&quot;left&quot;:&quot;&quot;,&quot;isLinked&quot;:true},&quot;element_pack_global_tooltip_border_radius_tablet&quot;:{&quot;unit&quot;:&quot;px&quot;,&quot;top&quot;:&quot;&quot;,&quot;right&quot;:&quot;&quot;,&quot;bottom&quot;:&quot;&quot;,&quot;left&quot;:&quot;&quot;,&quot;isLinked&quot;:true},&quot;element_pack_global_tooltip_border_radius_mobile&quot;:{&quot;unit&quot;:&quot;px&quot;,&quot;top&quot;:&quot;&quot;,&quot;right&quot;:&quot;&quot;,&quot;bottom&quot;:&quot;&quot;,&quot;left&quot;:&quot;&quot;,&quot;isLinked&quot;:true}}\" data-elementor-post-type=\"page\">\n\t\t\t\t<div class=\"elementor-element elementor-element-efc4024 e-flex e-con-boxed e-con e-parent\" data-id=\"efc4024\" data-element_type=\"container\">\n\t\t\t\t\t<div class=\"e-con-inner\">\n\t\t\t\t\t<\/div>\n\t\t\t\t<\/div>\n\t\t<div class=\"elementor-element elementor-element-c784130 e-flex e-con-boxed e-con e-parent\" data-id=\"c784130\" data-element_type=\"container\">\n\t\t\t\t\t<div class=\"e-con-inner\">\n\t\t<div class=\"elementor-element elementor-element-518e1df e-con-full e-flex e-con e-child\" data-id=\"518e1df\" data-element_type=\"container\">\n\t\t\t\t<\/div>\n\t\t<div class=\"elementor-element elementor-element-5986b6e e-con-full e-flex e-con e-child\" data-id=\"5986b6e\" data-element_type=\"container\">\n\t\t\t\t<div class=\"elementor-element elementor-element-5725074 ahura-dark-mode-filter-texts-no elementor-widget elementor-widget-image\" data-id=\"5725074\" data-element_type=\"widget\" data-widget_type=\"image.default\">\n\t\t\t\t<div class=\"elementor-widget-container\">\n\t\t\t\t\t\t\t\t\t\t\t\t\t\t\t<img decoding=\"async\" src=\"https:\/\/fset.ae\/wp-content\/uploads\/2024\/10\/18.webp\" title=\"\" alt=\"\u062a\u0631\u062f\u0645\u06cc\u0644 \u0622\u0628\u06cc \u062d\u06cc\u0648\u0627\u0646\u0627\u062a\" loading=\"lazy\" \/>\t\t\t\t\t\t\t\t\t\t\t\t\t\t\t<\/div>\n\t\t\t\t<\/div>\n\t\t\t\t<\/div>\n\t\t<div class=\"elementor-element elementor-element-8c6522b e-con-full e-flex e-con e-child\" data-id=\"8c6522b\" data-element_type=\"container\">\n\t\t\t\t<\/div>\n\t\t\t\t\t<\/div>\n\t\t\t\t<\/div>\n\t\t<div class=\"elementor-element elementor-element-29450cf e-flex e-con-boxed e-con e-parent\" data-id=\"29450cf\" data-element_type=\"container\">\n\t\t\t\t\t<div class=\"e-con-inner\">\n\t\t<div class=\"elementor-element elementor-element-03a18a0 e-con-full e-flex e-con e-child\" data-id=\"03a18a0\" data-element_type=\"container\">\n\t\t<div class=\"elementor-element elementor-element-8de9c3b e-con-full e-flex e-con e-child\" data-id=\"8de9c3b\" data-element_type=\"container\">\n\t\t\t\t<div class=\"elementor-element elementor-element-0d6d750 ahura-dark-mode-filter-texts-no elementor-widget elementor-widget-text-editor\" data-id=\"0d6d750\" data-element_type=\"widget\" data-widget_type=\"text-editor.default\">\n\t\t\t\t<div class=\"elementor-widget-container\">\n\t\t\t\t\t\t\t\t\t<p data-start=\"71\" data-end=\"92\"><strong data-start=\"71\" data-end=\"92\">Teknik \u00d6zellikler<\/strong><\/p><ul data-start=\"94\" data-end=\"341\" data-is-last-node=\"\" data-is-only-node=\"\"><li data-start=\"94\" data-end=\"125\"><p data-start=\"96\" data-end=\"125\">Ko\u015fu band\u0131 h\u0131z\u0131: <strong data-start=\"113\" data-end=\"125\">0\u20138 km\/s<\/strong><\/p><\/li><li data-start=\"126\" data-end=\"166\"><p data-start=\"128\" data-end=\"166\">Maksimum su alma y\u00fcksekli\u011fi: <strong data-start=\"157\" data-end=\"166\">90 cm<\/strong><\/p><\/li><li data-start=\"167\" data-end=\"194\"><p data-start=\"169\" data-end=\"194\">Susuz a\u011f\u0131rl\u0131k: <strong data-start=\"184\" data-end=\"194\">200 kg<\/strong><\/p><\/li><li data-start=\"195\" data-end=\"239\"><p data-start=\"197\" data-end=\"239\">Maksimum suyla toplam a\u011f\u0131rl\u0131k: <strong data-start=\"228\" data-end=\"239\">1500 kg<\/strong><\/p><\/li><li data-start=\"240\" data-end=\"279\"><p data-start=\"242\" data-end=\"279\">Su s\u0131cakl\u0131\u011f\u0131 ayar\u0131: <strong data-start=\"262\" data-end=\"279\">34\u00b0C\u2019ye kadar<\/strong><\/p><\/li><li data-start=\"280\" data-end=\"341\" data-is-last-node=\"\"><p data-start=\"282\" data-end=\"341\" data-is-last-node=\"\"><strong data-start=\"282\" data-end=\"341\" data-is-last-node=\"\">Su sirk\u00fclasyonu ile fiziksel ve kimyasal ar\u0131tma sistemi<\/strong><\/p><\/li><\/ul>\t\t\t\t\t\t\t\t<\/div>\n\t\t\t\t<\/div>\n\t\t\t\t<\/div>\n\t\t<div class=\"elementor-element elementor-element-a0624a4 e-con-full e-flex e-con e-child\" data-id=\"a0624a4\" data-element_type=\"container\">\n\t\t\t\t<div class=\"elementor-element elementor-element-7ebadda ahura-dark-mode-filter-texts-no elementor-widget elementor-widget-text-editor\" data-id=\"7ebadda\" data-element_type=\"widget\" data-widget_type=\"text-editor.default\">\n\t\t\t\t<div class=\"elementor-widget-container\">\n\t\t\t\t\t\t\t\t\t<p data-start=\"77\" data-end=\"95\"><strong data-start=\"77\" data-end=\"95\">Kullan\u0131m Alan\u0131<\/strong><\/p><p data-start=\"97\" data-end=\"177\">Bu ko\u015fu band\u0131, <strong data-start=\"112\" data-end=\"131\">evcil hayvanlar<\/strong> i\u00e7in \u00f6zel olarak tasarlanm\u0131\u015f ve \u00fcretilmi\u015ftir.<\/p><p data-start=\"179\" data-end=\"370\">Bu ko\u015fu band\u0131n\u0131 b\u00fcnyelerine ekleyen <strong data-start=\"215\" data-end=\"240\">veteriner hastaneleri<\/strong> ve <strong data-start=\"244\" data-end=\"277\">hayvan fizyoterapi merkezleri<\/strong>, hayvanlar\u0131n tedavisinde <strong data-start=\"303\" data-end=\"333\">daha profesyonel ve etkili<\/strong> bir \u015fekilde terapi uygulayabilirler.<\/p><p data-start=\"372\" data-end=\"492\" data-is-last-node=\"\" data-is-only-node=\"\">Ko\u015fu band\u0131ndaki su <strong data-start=\"391\" data-end=\"411\">kapal\u0131 bir d\u00f6ng\u00fc<\/strong> i\u00e7erisindedir; her kullan\u0131m sonras\u0131 yeniden ar\u0131t\u0131l\u0131r ve ko\u015fu band\u0131na geri d\u00f6ner.<\/p>\t\t\t\t\t\t\t\t<\/div>\n\t\t\t\t<\/div>\n\t\t\t\t<\/div>\n\t\t\t\t<\/div>\n\t\t\t\t\t<\/div>\n\t\t\t\t<\/div>\n\t\t<div class=\"elementor-element elementor-element-0f5cc18 e-flex e-con-boxed e-con e-parent\" data-id=\"0f5cc18\" data-element_type=\"container\">\n\t\t\t\t\t<div class=\"e-con-inner\">\n\t\t<div class=\"elementor-element elementor-element-a112feb e-con-full e-flex e-con e-child\" data-id=\"a112feb\" data-element_type=\"container\">\n\t\t<div class=\"elementor-element elementor-element-1424e0e e-grid e-con-full e-con e-child\" data-id=\"1424e0e\" data-element_type=\"container\">\n\t\t<div class=\"elementor-element elementor-element-8bd4d07 e-con-full e-flex e-con e-child\" data-id=\"8bd4d07\" data-element_type=\"container\">\n\t\t\t\t<div class=\"elementor-element elementor-element-df779e8 elementor-widget__width-initial ahura-dark-mode-filter-texts-no elementor-widget elementor-widget-shortcode\" data-id=\"df779e8\" data-element_type=\"widget\" data-widget_type=\"shortcode.default\">\n\t\t\t\t<div class=\"elementor-widget-container\">\n\t\t\t\t\t\t\t<div class=\"elementor-shortcode\"><style>.h_iframe-aparat_embed_frame{position:relative;}.h_iframe-aparat_embed_frame .ratio{display:block;width:100%;height:auto;}.h_iframe-aparat_embed_frame iframe{position:absolute;top:0;left:0;width:100%;height:100%;}<\/style><div class=\"h_iframe-aparat_embed_frame\"><span style=\"display: block;padding-top: 57%\"><\/span><iframe src=\"https:\/\/www.aparat.com\/video\/video\/embed\/videohash\/PkFZ9\/vt\/frame\"  allowFullScreen=\"true\" webkitallowfullscreen=\"true\" mozallowfullscreen=\"true\" loading=\"lazy\"><\/iframe><\/div><\/div>\n\t\t\t\t\t\t<\/div>\n\t\t\t\t<\/div>\n\t\t\t\t<\/div>\n\t\t<div class=\"elementor-element elementor-element-b8de742 e-con-full e-flex e-con e-child\" data-id=\"b8de742\" data-element_type=\"container\">\n\t\t\t\t<div data-ep-wrapper-link=\"{&quot;url&quot;:&quot;https:\\\/\\\/fset.ae\\\/wp-content\\\/uploads\\\/2024\\\/doc\\\/newManualx.pdf&quot;,&quot;is_external&quot;:&quot;&quot;,&quot;nofollow&quot;:&quot;&quot;,&quot;custom_attributes&quot;:&quot;&quot;}\" style=\"cursor: pointer\" class=\"bdt-element-link elementor-element elementor-element-4307cad elementor-align-center elementor-widget__width-initial ahura-dark-mode-filter-texts-no elementor-widget elementor-widget-bdt-advanced-button\" data-id=\"4307cad\" data-element_type=\"widget\" data-widget_type=\"bdt-advanced-button.default\">\n\t\t\t\t<div class=\"elementor-widget-container\">\n\t\t\t\t\t\t\t<div class=\"bdt-ep-button-wrapper\">\n\t\t\t<a href=\"https:\/\/fset.ae\/wp-content\/uploads\/2024\/11\/info-a1500.pdf\" class=\"bdt-ep-button bdt-ep-button-effect-i bdt-ep-button-size-sm\">\n\t\t\t\t\t\t<div class=\"bdt-ep-button-content-wrapper bdt-flex bdt-flex-middle bdt-flex-center  bdt-flex bdt-flex-column-reverse\" data-text=\"cataloge\">\n\t\t\t\t\t\t\t<div class=\"bdt-ep-button-icon bdt-flex-center bdt-flex-align-bottom\">\n\t\t\t\t\t<div class=\"bdt-ep-button-icon-inner\">\n\n\t\t\t\t\t\t<svg aria-hidden=\"true\" class=\"fa-fw e-font-icon-svg e-fas-book\" viewBox=\"0 0 448 512\" xmlns=\"http:\/\/www.w3.org\/2000\/svg\"><path d=\"M448 360V24c0-13.3-10.7-24-24-24H96C43 0 0 43 0 96v320c0 53 43 96 96 96h328c13.3 0 24-10.7 24-24v-16c0-7.5-3.5-14.3-8.9-18.7-4.2-15.4-4.2-59.3 0-74.7 5.4-4.3 8.9-11.1 8.9-18.6zM128 134c0-3.3 2.7-6 6-6h212c3.3 0 6 2.7 6 6v20c0 3.3-2.7 6-6 6H134c-3.3 0-6-2.7-6-6v-20zm0 64c0-3.3 2.7-6 6-6h212c3.3 0 6 2.7 6 6v20c0 3.3-2.7 6-6 6H134c-3.3 0-6-2.7-6-6v-20zm253.4 250H96c-17.7 0-32-14.3-32-32 0-17.6 14.4-32 32-32h285.4c-1.9 17.1-1.9 46.9 0 64z\"><\/path><\/svg>\n\t\t\t\t\t<\/div>\n\t\t\t\t<\/div>\n\t\t\t\n\t\t\t<div class=\"bdt-ep-button-text\">\n\n\t\t\t\t<span class=\"avdbtn-text\">\n\t\t\t\t\tcataloge\t\t\t\t<\/span>\n\n\t\t\t\t\t\t\t<\/div>\n\n\t\t\t\n\t\t<\/div>\n\t\t\t\t\t<\/a>\n\t\t<\/div>\n\t\t\t\t\t\t<\/div>\n\t\t\t\t<\/div>\n\t\t\t\t<div data-ep-wrapper-link=\"{&quot;url&quot;:&quot;https:\\\/\\\/fset.ae\\\/wp-content\\\/uploads\\\/2024\\\/doc\\\/newManualx.pdf&quot;,&quot;is_external&quot;:&quot;&quot;,&quot;nofollow&quot;:&quot;&quot;,&quot;custom_attributes&quot;:&quot;&quot;}\" style=\"cursor: pointer\" class=\"bdt-element-link elementor-element elementor-element-b8e7506 elementor-align-center ahura-dark-mode-filter-texts-no elementor-widget elementor-widget-bdt-advanced-button\" data-id=\"b8e7506\" data-element_type=\"widget\" data-widget_type=\"bdt-advanced-button.default\">\n\t\t\t\t<div class=\"elementor-widget-container\">\n\t\t\t\t\t\t\t<div class=\"bdt-ep-button-wrapper\">\n\t\t\t<a href=\"https:\/\/fset.ae\/clips\/\" class=\"bdt-ep-button bdt-ep-button-effect-i bdt-ep-button-size-sm\">\n\t\t\t\t\t\t<div class=\"bdt-ep-button-content-wrapper bdt-flex bdt-flex-middle bdt-flex-center  bdt-flex bdt-flex-column-reverse\" data-text=\"more clip\">\n\t\t\t\t\t\t\t<div class=\"bdt-ep-button-icon bdt-flex-center bdt-flex-align-bottom\">\n\t\t\t\t\t<div class=\"bdt-ep-button-icon-inner\">\n\n\t\t\t\t\t\t<svg aria-hidden=\"true\" class=\"fa-fw e-font-icon-svg e-fas-book\" viewBox=\"0 0 448 512\" xmlns=\"http:\/\/www.w3.org\/2000\/svg\"><path d=\"M448 360V24c0-13.3-10.7-24-24-24H96C43 0 0 43 0 96v320c0 53 43 96 96 96h328c13.3 0 24-10.7 24-24v-16c0-7.5-3.5-14.3-8.9-18.7-4.2-15.4-4.2-59.3 0-74.7 5.4-4.3 8.9-11.1 8.9-18.6zM128 134c0-3.3 2.7-6 6-6h212c3.3 0 6 2.7 6 6v20c0 3.3-2.7 6-6 6H134c-3.3 0-6-2.7-6-6v-20zm0 64c0-3.3 2.7-6 6-6h212c3.3 0 6 2.7 6 6v20c0 3.3-2.7 6-6 6H134c-3.3 0-6-2.7-6-6v-20zm253.4 250H96c-17.7 0-32-14.3-32-32 0-17.6 14.4-32 32-32h285.4c-1.9 17.1-1.9 46.9 0 64z\"><\/path><\/svg>\n\t\t\t\t\t<\/div>\n\t\t\t\t<\/div>\n\t\t\t\n\t\t\t<div class=\"bdt-ep-button-text\">\n\n\t\t\t\t<span class=\"avdbtn-text\">\n\t\t\t\t\tmore clip\t\t\t\t<\/span>\n\n\t\t\t\t\t\t\t<\/div>\n\n\t\t\t\n\t\t<\/div>\n\t\t\t\t\t<\/a>\n\t\t<\/div>\n\t\t\t\t\t\t<\/div>\n\t\t\t\t<\/div>\n\t\t\t\t<\/div>\n\t\t\t\t<\/div>\n\t\t\t\t<\/div>\n\t\t\t\t\t<\/div>\n\t\t\t\t<\/div>\n\t\t\t\t<\/div>\n\t\t","protected":false},"excerpt":{"rendered":"<p>Teknik \u00d6zellikler Ko\u015fu band\u0131 h\u0131z\u0131: 0\u20138 km\/s Maksimum su alma y\u00fcksekli\u011fi: 90 cm Susuz a\u011f\u0131rl\u0131k: 200 kg Maksimum suyla toplam a\u011f\u0131rl\u0131k: 1500 kg Su s\u0131cakl\u0131\u011f\u0131 ayar\u0131: 34\u00b0C\u2019ye kadar Su sirk\u00fclasyonu&#8230;<\/p>\n","protected":false},"author":1,"featured_media":0,"parent":0,"menu_order":0,"comment_status":"closed","ping_status":"closed","template":"elementor_header_footer","meta":{"footnotes":""},"class_list":["post-4128","page","type-page","status-publish","hentry"],"_links":{"self":[{"href":"https:\/\/fset.ae\/tr\/wp-json\/wp\/v2\/pages\/4128","targetHints":{"allow":["GET"]}}],"collection":[{"href":"https:\/\/fset.ae\/tr\/wp-json\/wp\/v2\/pages"}],"about":[{"href":"https:\/\/fset.ae\/tr\/wp-json\/wp\/v2\/types\/page"}],"author":[{"embeddable":true,"href":"https:\/\/fset.ae\/tr\/wp-json\/wp\/v2\/users\/1"}],"replies":[{"embeddable":true,"href":"https:\/\/fset.ae\/tr\/wp-json\/wp\/v2\/comments?post=4128"}],"version-history":[{"count":4,"href":"https:\/\/fset.ae\/tr\/wp-json\/wp\/v2\/pages\/4128\/revisions"}],"predecessor-version":[{"id":4167,"href":"https:\/\/fset.ae\/tr\/wp-json\/wp\/v2\/pages\/4128\/revisions\/4167"}],"wp:attachment":[{"href":"https:\/\/fset.ae\/tr\/wp-json\/wp\/v2\/media?parent=4128"}],"curies":[{"name":"wp","href":"https:\/\/api.w.org\/{rel}","templated":true}]}}