{"id":4127,"date":"2025-05-04T14:11:57","date_gmt":"2025-05-04T10:41:57","guid":{"rendered":"https:\/\/fset.ae\/horse-underwater-treadmill-h-8000\/"},"modified":"2025-07-02T11:10:27","modified_gmt":"2025-07-02T07:40:27","slug":"atlar-icin-su-alti-kosu-bandi-h-8000","status":"publish","type":"page","link":"https:\/\/fset.ae\/tr\/atlar-icin-su-alti-kosu-bandi-h-8000\/","title":{"rendered":"Atlar \u0130\u00e7in Su Alt\u0131 Ko\u015fu Band\u0131 H-8000"},"content":{"rendered":"\t\t<div data-elementor-type=\"wp-page\" data-elementor-id=\"4127\" class=\"elementor elementor-4127\" data-elementor-settings=\"{&quot;element_pack_global_tooltip_width&quot;:{&quot;unit&quot;:&quot;px&quot;,&quot;size&quot;:&quot;&quot;,&quot;sizes&quot;:[]},&quot;element_pack_global_tooltip_width_tablet&quot;:{&quot;unit&quot;:&quot;px&quot;,&quot;size&quot;:&quot;&quot;,&quot;sizes&quot;:[]},&quot;element_pack_global_tooltip_width_mobile&quot;:{&quot;unit&quot;:&quot;px&quot;,&quot;size&quot;:&quot;&quot;,&quot;sizes&quot;:[]},&quot;element_pack_global_tooltip_padding&quot;:{&quot;unit&quot;:&quot;px&quot;,&quot;top&quot;:&quot;&quot;,&quot;right&quot;:&quot;&quot;,&quot;bottom&quot;:&quot;&quot;,&quot;left&quot;:&quot;&quot;,&quot;isLinked&quot;:true},&quot;element_pack_global_tooltip_padding_tablet&quot;:{&quot;unit&quot;:&quot;px&quot;,&quot;top&quot;:&quot;&quot;,&quot;right&quot;:&quot;&quot;,&quot;bottom&quot;:&quot;&quot;,&quot;left&quot;:&quot;&quot;,&quot;isLinked&quot;:true},&quot;element_pack_global_tooltip_padding_mobile&quot;:{&quot;unit&quot;:&quot;px&quot;,&quot;top&quot;:&quot;&quot;,&quot;right&quot;:&quot;&quot;,&quot;bottom&quot;:&quot;&quot;,&quot;left&quot;:&quot;&quot;,&quot;isLinked&quot;:true},&quot;element_pack_global_tooltip_border_radius&quot;:{&quot;unit&quot;:&quot;px&quot;,&quot;top&quot;:&quot;&quot;,&quot;right&quot;:&quot;&quot;,&quot;bottom&quot;:&quot;&quot;,&quot;left&quot;:&quot;&quot;,&quot;isLinked&quot;:true},&quot;element_pack_global_tooltip_border_radius_tablet&quot;:{&quot;unit&quot;:&quot;px&quot;,&quot;top&quot;:&quot;&quot;,&quot;right&quot;:&quot;&quot;,&quot;bottom&quot;:&quot;&quot;,&quot;left&quot;:&quot;&quot;,&quot;isLinked&quot;:true},&quot;element_pack_global_tooltip_border_radius_mobile&quot;:{&quot;unit&quot;:&quot;px&quot;,&quot;top&quot;:&quot;&quot;,&quot;right&quot;:&quot;&quot;,&quot;bottom&quot;:&quot;&quot;,&quot;left&quot;:&quot;&quot;,&quot;isLinked&quot;:true}}\" data-elementor-post-type=\"page\">\n\t\t\t\t<div class=\"elementor-element elementor-element-972ef58 e-flex e-con-boxed e-con e-parent\" data-id=\"972ef58\" data-element_type=\"container\">\n\t\t\t\t\t<div class=\"e-con-inner\">\n\t\t\t\t\t<\/div>\n\t\t\t\t<\/div>\n\t\t<div class=\"elementor-element elementor-element-b9ecb47 e-flex e-con-boxed e-con e-parent\" data-id=\"b9ecb47\" data-element_type=\"container\">\n\t\t\t\t\t<div class=\"e-con-inner\">\n\t\t<div class=\"elementor-element elementor-element-43606e2 e-con-full e-flex e-con e-child\" data-id=\"43606e2\" data-element_type=\"container\">\n\t\t\t\t<\/div>\n\t\t<div class=\"elementor-element elementor-element-2043a2d e-con-full e-flex e-con e-child\" data-id=\"2043a2d\" data-element_type=\"container\">\n\t\t\t\t<div class=\"elementor-element elementor-element-1537812 ahura-dark-mode-filter-texts-no elementor-widget elementor-widget-image\" data-id=\"1537812\" data-element_type=\"widget\" data-widget_type=\"image.default\">\n\t\t\t\t<div class=\"elementor-widget-container\">\n\t\t\t\t\t\t\t\t\t\t\t\t\t\t\t<img decoding=\"async\" src=\"https:\/\/fset.ae\/wp-content\/uploads\/2024\/10\/15.webp\" title=\"\" alt=\"\u062a\u0631\u062f\u0645\u06cc\u0644 \u0622\u0628\u06cc \u0627\u0633\u0628\" loading=\"lazy\" \/>\t\t\t\t\t\t\t\t\t\t\t\t\t\t\t<\/div>\n\t\t\t\t<\/div>\n\t\t\t\t<\/div>\n\t\t<div class=\"elementor-element elementor-element-06dd3e6 e-con-full e-flex e-con e-child\" data-id=\"06dd3e6\" data-element_type=\"container\">\n\t\t\t\t<\/div>\n\t\t\t\t\t<\/div>\n\t\t\t\t<\/div>\n\t\t<div class=\"elementor-element elementor-element-aa05485 e-flex e-con-boxed e-con e-parent\" data-id=\"aa05485\" data-element_type=\"container\">\n\t\t\t\t\t<div class=\"e-con-inner\">\n\t\t<div class=\"elementor-element elementor-element-550d9c7 e-con-full e-flex e-con e-child\" data-id=\"550d9c7\" data-element_type=\"container\">\n\t\t<div class=\"elementor-element elementor-element-42b6684 e-con-full e-flex e-con e-child\" data-id=\"42b6684\" data-element_type=\"container\">\n\t\t<div class=\"elementor-element elementor-element-2a8eaa7 e-con-full e-flex e-con e-child\" data-id=\"2a8eaa7\" data-element_type=\"container\">\n\t\t\t\t<div class=\"elementor-element elementor-element-80ab01d ahura-dark-mode-filter-texts-no elementor-widget elementor-widget-text-editor\" data-id=\"80ab01d\" data-element_type=\"widget\" data-widget_type=\"text-editor.default\">\n\t\t\t\t<div class=\"elementor-widget-container\">\n\t\t\t\t\t\t\t\t\t<p data-start=\"71\" data-end=\"92\"><strong data-start=\"71\" data-end=\"92\">Teknik \u00d6zellikler<\/strong><\/p><ul data-start=\"94\" data-end=\"427\" data-is-last-node=\"\" data-is-only-node=\"\"><li data-start=\"94\" data-end=\"126\"><p data-start=\"96\" data-end=\"126\">Ko\u015fu band\u0131 h\u0131z\u0131: <strong data-start=\"113\" data-end=\"126\">0\u201312 km\/s<\/strong><\/p><\/li><li data-start=\"127\" data-end=\"168\"><p data-start=\"129\" data-end=\"168\">Maksimum su alma y\u00fcksekli\u011fi: <strong data-start=\"158\" data-end=\"168\">140 cm<\/strong><\/p><\/li><li data-start=\"169\" data-end=\"197\"><p data-start=\"171\" data-end=\"197\">Susuz a\u011f\u0131rl\u0131k: <strong data-start=\"186\" data-end=\"197\">2900 kg<\/strong><\/p><\/li><li data-start=\"198\" data-end=\"232\"><p data-start=\"200\" data-end=\"232\">Boyutlar: <strong data-start=\"210\" data-end=\"232\">230 \u00d7 170 \u00d7 380 cm<\/strong><\/p><\/li><li data-start=\"233\" data-end=\"280\"><p data-start=\"235\" data-end=\"280\">Su s\u0131cakl\u0131\u011f\u0131: <strong data-start=\"249\" data-end=\"280\">34\u00b0C&#8217;ye kadar ayarlanabilir<\/strong><\/p><\/li><li data-start=\"281\" data-end=\"312\"><p data-start=\"283\" data-end=\"312\">Su so\u011futma sistemi: <strong data-start=\"303\" data-end=\"312\">0\u20135\u00b0C<\/strong><\/p><\/li><li data-start=\"313\" data-end=\"343\"><p data-start=\"315\" data-end=\"343\"><strong data-start=\"315\" data-end=\"334\">+15 derece e\u011fim<\/strong> \u00f6zelli\u011fi<\/p><\/li><li data-start=\"344\" data-end=\"379\"><p data-start=\"346\" data-end=\"379\"><strong data-start=\"346\" data-end=\"379\">Su depolama ve ar\u0131tma sistemi<\/strong><\/p><\/li><li data-start=\"380\" data-end=\"427\" data-is-last-node=\"\"><p data-start=\"382\" data-end=\"427\" data-is-last-node=\"\"><strong data-start=\"382\" data-end=\"418\">Tablet \u00fczerinden uzaktan kontrol<\/strong> yetene\u011fi<\/p><\/li><\/ul>\t\t\t\t\t\t\t\t<\/div>\n\t\t\t\t<\/div>\n\t\t\t\t<\/div>\n\t\t<div class=\"elementor-element elementor-element-f4f8dab e-con-full e-flex e-con e-child\" data-id=\"f4f8dab\" data-element_type=\"container\">\n\t\t\t\t<div class=\"elementor-element elementor-element-87acb7e ahura-dark-mode-filter-texts-no elementor-widget elementor-widget-text-editor\" data-id=\"87acb7e\" data-element_type=\"widget\" data-widget_type=\"text-editor.default\">\n\t\t\t\t<div class=\"elementor-widget-container\">\n\t\t\t\t\t\t\t\t\t<p data-start=\"77\" data-end=\"95\"><strong data-start=\"77\" data-end=\"95\">Kullan\u0131m Alan\u0131<\/strong><\/p><p data-start=\"97\" data-end=\"276\">Atlar\u0131n y\u00fcksek a\u011f\u0131rl\u0131\u011f\u0131 ve yar\u0131\u015fmalarda alt uzuvlarda meydana gelen \u00e7ok say\u0131da yaralanma g\u00f6z \u00f6n\u00fcnde bulunduruldu\u011funda, <strong data-start=\"216\" data-end=\"245\">a\u011f\u0131rl\u0131ks\u0131z rehabilitasyon<\/strong> bu sorun i\u00e7in en iyi \u00e7\u00f6z\u00fcmd\u00fcr.<\/p><p data-start=\"278\" data-end=\"393\"><strong data-start=\"278\" data-end=\"306\">Atlar i\u00e7in su ko\u015fu band\u0131<\/strong>, bir at\u0131n a\u011f\u0131rl\u0131\u011f\u0131n\u0131n %70\u2019inden fazlas\u0131n\u0131 azaltarak iyile\u015fme s\u00fcrecini h\u0131zland\u0131rabilir.<\/p><p data-start=\"395\" data-end=\"550\" data-is-last-node=\"\" data-is-only-node=\"\">\u00d6te yandan, bir at\u0131n <strong data-start=\"416\" data-end=\"460\">kas yap\u0131s\u0131n\u0131 g\u00fc\u00e7lendirmek ve geli\u015ftirmek<\/strong>, at\u0131n de\u011feri a\u00e7\u0131s\u0131ndan b\u00fcy\u00fck \u00f6nem ta\u015f\u0131r ve bu, <strong data-start=\"508\" data-end=\"525\">su ko\u015fu band\u0131<\/strong> ile son derece kolayd\u0131r.<\/p>\t\t\t\t\t\t\t\t<\/div>\n\t\t\t\t<\/div>\n\t\t\t\t<\/div>\n\t\t\t\t<\/div>\n\t\t\t\t<\/div>\n\t\t\t\t\t<\/div>\n\t\t\t\t<\/div>\n\t\t<div class=\"elementor-element elementor-element-d7d3334 e-flex e-con-boxed e-con e-parent\" data-id=\"d7d3334\" data-element_type=\"container\">\n\t\t\t\t\t<div class=\"e-con-inner\">\n\t\t\t\t<div class=\"elementor-element elementor-element-3e2c975 elementor-align-center ahura-dark-mode-filter-texts-no elementor-widget elementor-widget-bdt-advanced-button\" data-id=\"3e2c975\" data-element_type=\"widget\" data-widget_type=\"bdt-advanced-button.default\">\n\t\t\t\t<div class=\"elementor-widget-container\">\n\t\t\t\t\t\t\t<div class=\"bdt-ep-button-wrapper\">\n\t\t\t<a href=\"#elementor-action%3Aaction%3Dpopup%3Aopen%26settings%3DeyJpZCI6IjM3MzciLCJ0b2dnbGUiOmZhbHNlfQ%3D%3D\" class=\"bdt-ep-button bdt-ep-button-effect-a bdt-ep-button-size-md\">\n\t\t\t\t\t\t<div class=\"bdt-ep-button-content-wrapper bdt-flex bdt-flex-middle bdt-flex-center  \" data-text=\"Detay ve Fiyat Talep Formu\">\n\t\t\t\n\t\t\t<div class=\"bdt-ep-button-text\">\n\n\t\t\t\t<span class=\"avdbtn-text\">\n\t\t\t\t\tDetay ve Fiyat Talep Formu\t\t\t\t<\/span>\n\n\t\t\t\t\t\t\t<\/div>\n\n\t\t\t\n\t\t<\/div>\n\t\t\t\t\t<\/a>\n\t\t<\/div>\n\t\t\t\t\t\t<\/div>\n\t\t\t\t<\/div>\n\t\t\t\t\t<\/div>\n\t\t\t\t<\/div>\n\t\t\t\t<\/div>\n\t\t","protected":false},"excerpt":{"rendered":"<p>Teknik \u00d6zellikler Ko\u015fu band\u0131 h\u0131z\u0131: 0\u201312 km\/s Maksimum su alma y\u00fcksekli\u011fi: 140 cm Susuz a\u011f\u0131rl\u0131k: 2900 kg Boyutlar: 230 \u00d7 170 \u00d7 380 cm Su s\u0131cakl\u0131\u011f\u0131: 34\u00b0C&#8217;ye kadar ayarlanabilir Su&#8230;<\/p>\n","protected":false},"author":1,"featured_media":0,"parent":0,"menu_order":0,"comment_status":"closed","ping_status":"closed","template":"elementor_header_footer","meta":{"footnotes":""},"class_list":["post-4127","page","type-page","status-publish","hentry"],"_links":{"self":[{"href":"https:\/\/fset.ae\/tr\/wp-json\/wp\/v2\/pages\/4127","targetHints":{"allow":["GET"]}}],"collection":[{"href":"https:\/\/fset.ae\/tr\/wp-json\/wp\/v2\/pages"}],"about":[{"href":"https:\/\/fset.ae\/tr\/wp-json\/wp\/v2\/types\/page"}],"author":[{"embeddable":true,"href":"https:\/\/fset.ae\/tr\/wp-json\/wp\/v2\/users\/1"}],"replies":[{"embeddable":true,"href":"https:\/\/fset.ae\/tr\/wp-json\/wp\/v2\/comments?post=4127"}],"version-history":[{"count":4,"href":"https:\/\/fset.ae\/tr\/wp-json\/wp\/v2\/pages\/4127\/revisions"}],"predecessor-version":[{"id":4166,"href":"https:\/\/fset.ae\/tr\/wp-json\/wp\/v2\/pages\/4127\/revisions\/4166"}],"wp:attachment":[{"href":"https:\/\/fset.ae\/tr\/wp-json\/wp\/v2\/media?parent=4127"}],"curies":[{"name":"wp","href":"https:\/\/api.w.org\/{rel}","templated":true}]}}