{"id":4124,"date":"2025-05-04T12:44:27","date_gmt":"2025-05-04T09:14:27","guid":{"rendered":"https:\/\/fset.ae\/about-us\/"},"modified":"2025-07-02T11:09:03","modified_gmt":"2025-07-02T07:39:03","slug":"hakkimizda","status":"publish","type":"page","link":"https:\/\/fset.ae\/tr\/hakkimizda\/","title":{"rendered":"Hakk\u0131m\u0131zda"},"content":{"rendered":"\t\t<div data-elementor-type=\"wp-page\" data-elementor-id=\"4124\" class=\"elementor elementor-4124\" data-elementor-settings=\"{&quot;element_pack_global_tooltip_width&quot;:{&quot;unit&quot;:&quot;px&quot;,&quot;size&quot;:&quot;&quot;,&quot;sizes&quot;:[]},&quot;element_pack_global_tooltip_width_tablet&quot;:{&quot;unit&quot;:&quot;px&quot;,&quot;size&quot;:&quot;&quot;,&quot;sizes&quot;:[]},&quot;element_pack_global_tooltip_width_mobile&quot;:{&quot;unit&quot;:&quot;px&quot;,&quot;size&quot;:&quot;&quot;,&quot;sizes&quot;:[]},&quot;element_pack_global_tooltip_padding&quot;:{&quot;unit&quot;:&quot;px&quot;,&quot;top&quot;:&quot;&quot;,&quot;right&quot;:&quot;&quot;,&quot;bottom&quot;:&quot;&quot;,&quot;left&quot;:&quot;&quot;,&quot;isLinked&quot;:true},&quot;element_pack_global_tooltip_padding_tablet&quot;:{&quot;unit&quot;:&quot;px&quot;,&quot;top&quot;:&quot;&quot;,&quot;right&quot;:&quot;&quot;,&quot;bottom&quot;:&quot;&quot;,&quot;left&quot;:&quot;&quot;,&quot;isLinked&quot;:true},&quot;element_pack_global_tooltip_padding_mobile&quot;:{&quot;unit&quot;:&quot;px&quot;,&quot;top&quot;:&quot;&quot;,&quot;right&quot;:&quot;&quot;,&quot;bottom&quot;:&quot;&quot;,&quot;left&quot;:&quot;&quot;,&quot;isLinked&quot;:true},&quot;element_pack_global_tooltip_border_radius&quot;:{&quot;unit&quot;:&quot;px&quot;,&quot;top&quot;:&quot;&quot;,&quot;right&quot;:&quot;&quot;,&quot;bottom&quot;:&quot;&quot;,&quot;left&quot;:&quot;&quot;,&quot;isLinked&quot;:true},&quot;element_pack_global_tooltip_border_radius_tablet&quot;:{&quot;unit&quot;:&quot;px&quot;,&quot;top&quot;:&quot;&quot;,&quot;right&quot;:&quot;&quot;,&quot;bottom&quot;:&quot;&quot;,&quot;left&quot;:&quot;&quot;,&quot;isLinked&quot;:true},&quot;element_pack_global_tooltip_border_radius_mobile&quot;:{&quot;unit&quot;:&quot;px&quot;,&quot;top&quot;:&quot;&quot;,&quot;right&quot;:&quot;&quot;,&quot;bottom&quot;:&quot;&quot;,&quot;left&quot;:&quot;&quot;,&quot;isLinked&quot;:true}}\" data-elementor-post-type=\"page\">\n\t\t\t\t<div class=\"elementor-element elementor-element-37533838 e-flex e-con-boxed e-con e-parent\" data-id=\"37533838\" data-element_type=\"container\">\n\t\t\t\t\t<div class=\"e-con-inner\">\n\t\t\t\t\t<\/div>\n\t\t\t\t<\/div>\n\t\t<div class=\"elementor-element elementor-element-1ed2f36 e-flex e-con-boxed e-con e-parent\" data-id=\"1ed2f36\" data-element_type=\"container\">\n\t\t\t\t\t<div class=\"e-con-inner\">\n\t\t<div class=\"elementor-element elementor-element-80229e7 e-con-full e-flex e-con e-child\" data-id=\"80229e7\" data-element_type=\"container\">\n\t\t\t\t<\/div>\n\t\t<div class=\"elementor-element elementor-element-dfab27e e-con-full e-flex e-con e-child\" data-id=\"dfab27e\" data-element_type=\"container\">\n\t\t\t\t<div class=\"elementor-element elementor-element-4000b19 ahura-dark-mode-filter-texts-no elementor-widget elementor-widget-image\" data-id=\"4000b19\" data-element_type=\"widget\" data-widget_type=\"image.default\">\n\t\t\t\t<div class=\"elementor-widget-container\">\n\t\t\t\t\t\t\t\t\t\t\t\t\t\t\t<img decoding=\"async\" src=\"https:\/\/fset.ae\/wp-content\/uploads\/2024\/12\/1733662256729.jpg\" title=\"\" alt=\"\" loading=\"lazy\">\t\t\t\t\t\t\t\t\t\t\t\t\t\t\t<\/div>\n\t\t\t\t<\/div>\n\t\t\t\t<\/div>\n\t\t<div class=\"elementor-element elementor-element-2bc093c e-con-full e-flex e-con e-child\" data-id=\"2bc093c\" data-element_type=\"container\">\n\t\t\t\t<\/div>\n\t\t\t\t\t<\/div>\n\t\t\t\t<\/div>\n\t\t<div class=\"elementor-element elementor-element-8159863 e-flex e-con-boxed e-con e-parent\" data-id=\"8159863\" data-element_type=\"container\">\n\t\t\t\t\t<div class=\"e-con-inner\">\n\t\t\t\t<div class=\"elementor-element elementor-element-a83abfd ahura-dark-mode-filter-texts-no elementor-widget elementor-widget-text-editor\" data-id=\"a83abfd\" data-element_type=\"widget\" data-widget_type=\"text-editor.default\">\n\t\t\t\t<div class=\"elementor-widget-container\">\n\t\t\t\t\t\t\t\t\t<p data-start=\"58\" data-end=\"196\"><strong data-start=\"58\" data-end=\"101\">Feryal Spor Ekipmanlar\u0131 Ticaret \u015eirketi<\/strong>, 2014 y\u0131l\u0131nda end\u00fcstriyel otomasyon ve hassas \u00f6l\u00e7\u00fcm cihazlar\u0131 alan\u0131na odaklanarak kurulmu\u015ftur.<\/p><p data-start=\"198\" data-end=\"393\">Daha sonra, deneyimli ve gen\u00e7 i\u015f g\u00fcc\u00fcn\u00fcn \u00e7abalar\u0131na dayanarak; petrol ve gaz, \u00e7elik ve makine imalat\u0131 gibi \u00e7e\u015fitli end\u00fcstrilerde \u00fcretim hatlar\u0131n\u0131 tasarlamay\u0131 ve ak\u0131ll\u0131 hale getirmeyi ba\u015farm\u0131\u015ft\u0131r.<\/p><p data-start=\"395\" data-end=\"587\">2015 y\u0131l\u0131nda, bu kompleksin \u00fcst d\u00fczey y\u00f6neticileri, y\u00fcksek teknolojili \u00fcr\u00fcnler \u00fcretme alan\u0131nda bir hedef belirlediler ve bu kompleks, faaliyet alan\u0131nda \u00e7e\u015fitli \u00fcr\u00fcnleri pazara sunmay\u0131 ba\u015fard\u0131.<\/p><p data-start=\"589\" data-end=\"753\" data-is-last-node=\"\" data-is-only-node=\"\">2017 y\u0131l\u0131nda, \u015firketin spor ve medikal ekipman alan\u0131nda da yer alma iste\u011fi do\u011frultusunda, Feryal ekibi Orta Do\u011fu\u2019daki ilk su ko\u015fu band\u0131n\u0131 tasarlay\u0131p piyasaya s\u00fcrd\u00fc.<\/p>\t\t\t\t\t\t\t\t<\/div>\n\t\t\t\t<\/div>\n\t\t\t\t\t<\/div>\n\t\t\t\t<\/div>\n\t\t\t\t<\/div>\n\t\t","protected":false},"excerpt":{"rendered":"<p>Feryal Spor Ekipmanlar\u0131 Ticaret \u015eirketi, 2014 y\u0131l\u0131nda end\u00fcstriyel otomasyon ve hassas \u00f6l\u00e7\u00fcm cihazlar\u0131 alan\u0131na odaklanarak kurulmu\u015ftur. Daha sonra, deneyimli ve gen\u00e7 i\u015f g\u00fcc\u00fcn\u00fcn \u00e7abalar\u0131na dayanarak; petrol ve gaz, \u00e7elik ve&#8230;<\/p>\n","protected":false},"author":1,"featured_media":0,"parent":0,"menu_order":0,"comment_status":"closed","ping_status":"closed","template":"elementor_header_footer","meta":{"footnotes":""},"class_list":["post-4124","page","type-page","status-publish","hentry"],"_links":{"self":[{"href":"https:\/\/fset.ae\/tr\/wp-json\/wp\/v2\/pages\/4124","targetHints":{"allow":["GET"]}}],"collection":[{"href":"https:\/\/fset.ae\/tr\/wp-json\/wp\/v2\/pages"}],"about":[{"href":"https:\/\/fset.ae\/tr\/wp-json\/wp\/v2\/types\/page"}],"author":[{"embeddable":true,"href":"https:\/\/fset.ae\/tr\/wp-json\/wp\/v2\/users\/1"}],"replies":[{"embeddable":true,"href":"https:\/\/fset.ae\/tr\/wp-json\/wp\/v2\/comments?post=4124"}],"version-history":[{"count":4,"href":"https:\/\/fset.ae\/tr\/wp-json\/wp\/v2\/pages\/4124\/revisions"}],"predecessor-version":[{"id":4163,"href":"https:\/\/fset.ae\/tr\/wp-json\/wp\/v2\/pages\/4124\/revisions\/4163"}],"wp:attachment":[{"href":"https:\/\/fset.ae\/tr\/wp-json\/wp\/v2\/media?parent=4124"}],"curies":[{"name":"wp","href":"https:\/\/api.w.org\/{rel}","templated":true}]}}